{"id":403,"date":"2017-05-13T09:35:38","date_gmt":"2017-05-13T08:35:38","guid":{"rendered":"https:\/\/hadziarska.pl\/?page_id=403"},"modified":"2017-05-13T10:33:14","modified_gmt":"2017-05-13T09:33:14","slug":"o-mnie","status":"publish","type":"page","link":"https:\/\/hadziarska.dziadu.pl\/?page_id=403","title":{"rendered":"O mnie"},"content":{"rendered":"<p><strong><img loading=\"lazy\" decoding=\"async\" class=\"alignright size-full wp-image-448\" src=\"https:\/\/hadziarska.pl\/wp-content\/uploads\/2017\/05\/hadzia.jpg\" alt=\"Hadziarka - blog handmade\" width=\"235\" height=\"235\" srcset=\"https:\/\/hadziarska.dziadu.pl\/wp-content\/uploads\/2017\/05\/hadzia.jpg 235w, https:\/\/hadziarska.dziadu.pl\/wp-content\/uploads\/2017\/05\/hadzia-150x150.jpg 150w\" sizes=\"auto, (max-width: 235px) 100vw, 235px\" \/>hadziarska.pl<\/strong> \u2013 to takie moje miejsce w sieci, zak\u0105tek w kt\u00f3rym trzymam wa\u017cne dla mnie rzeczy\u2026 skarby, kt\u00f3rymi chcia\u0142abym si\u0119 podzieli\u0107. To moja pasja, wspomnienia ale i ulubione ksi\u0105\u017cki, muzyka, przepisy\u2026 To taki sk\u0142adzik na to co normalnie przykry\u0142 by kurz, gdy\u017c nie korzystam z tego co dnia\u2026<\/p>\n<p>Blog jest dla mi\u0142o\u015bnik\u00f3w hand made dla tych co lubia gotowa\u0107\u2026i ludzi nie maj\u0105cych czasu na ogl\u0107danie telewizora. Nie sztuk\u0105 jest kupowa\u0107 wszystko w sklepie, a ile przyjemno\u015bci mo\u017ce sprawi\u0107 obdarowanie kogo\u015b w\u0142asnor\u0119cznie zrobionym prezentem lub paruj\u0105cym ciep\u0142ym obiadkiem.<\/p>\n<p>A dlaczego Hadziarska? Kilka lat temu, gdy wype\u0142nia\u0142am swoje zg\u0142oszenie wolontariuszki w WO\u015aP, w polu imi\u0119 w kwestionariuszu wpisa\u0142am \u201eMadzia\u201d. W zwi\u0105zku z tym, \u017ce pisa\u0142am markerem, wysz\u0142o z tego \u201eHadzia\u201d. I tak ju\u017c zosta\u0142o do dzisiaj ;).<\/p>\n<p>Had\u017aka to humorystyczna zo\u0142za jak wstaj\u0119 praw\u0105 nog\u0105 !!! Anio\u0142ek\u2026 gdy \u015bpi\u0119. Dobra dla wszystkich! Zakochana\u2026 w tym jedynym. Inteligentna\u2026I ju\u017c!!! Aktywna\u2026 nie usiedz\u0119 na miejscu zbyt d\u0142ugo\u2026 Rozwa\u017cna!\u2026Ma si\u0119 do\u015bwiadczenie w takich sprawach. Stanowcza\u2026 kiedy potrzeba. Kochaj\u0105ca. Altruistka\u201c u podstaw kt\u00f3rej le\u017cy bezinteresowna troska o dobro innych.<\/p>\n","protected":false},"excerpt":{"rendered":"<p>hadziarska.pl \u2013 to takie moje miejsce w sieci, zak\u0105tek w kt\u00f3rym trzymam wa\u017cne dla mnie rzeczy\u2026 skarby, kt\u00f3rymi chcia\u0142abym si\u0119 podzieli\u0107. To moja pasja, wspomnienia ale i ulubione ksi\u0105\u017cki, muzyka,&hellip;<\/p>\n","protected":false},"author":1,"featured_media":0,"parent":0,"menu_order":0,"comment_status":"closed","ping_status":"closed","template":"page-sidebar.php","meta":{"footnotes":""},"class_list":["post-403","page","type-page","status-publish","hentry"],"_links":{"self":[{"href":"https:\/\/hadziarska.dziadu.pl\/index.php?rest_route=\/wp\/v2\/pages\/403","targetHints":{"allow":["GET"]}}],"collection":[{"href":"https:\/\/hadziarska.dziadu.pl\/index.php?rest_route=\/wp\/v2\/pages"}],"about":[{"href":"https:\/\/hadziarska.dziadu.pl\/index.php?rest_route=\/wp\/v2\/types\/page"}],"author":[{"embeddable":true,"href":"https:\/\/hadziarska.dziadu.pl\/index.php?rest_route=\/wp\/v2\/users\/1"}],"replies":[{"embeddable":true,"href":"https:\/\/hadziarska.dziadu.pl\/index.php?rest_route=%2Fwp%2Fv2%2Fcomments&post=403"}],"version-history":[{"count":3,"href":"https:\/\/hadziarska.dziadu.pl\/index.php?rest_route=\/wp\/v2\/pages\/403\/revisions"}],"predecessor-version":[{"id":449,"href":"https:\/\/hadziarska.dziadu.pl\/index.php?rest_route=\/wp\/v2\/pages\/403\/revisions\/449"}],"wp:attachment":[{"href":"https:\/\/hadziarska.dziadu.pl\/index.php?rest_route=%2Fwp%2Fv2%2Fmedia&parent=403"}],"curies":[{"name":"wp","href":"https:\/\/api.w.org\/{rel}","templated":true}]}}